{"id":1521,"date":"2024-05-20T07:54:57","date_gmt":"2024-05-20T06:54:57","guid":{"rendered":"https:\/\/xordesign.com\/kontakt\/"},"modified":"2025-06-06T09:19:32","modified_gmt":"2025-06-06T08:19:32","slug":"kontakt","status":"publish","type":"page","link":"https:\/\/xordesign.com\/de\/kontakt\/","title":{"rendered":"Kontakt"},"content":{"rendered":"\t\t<div data-elementor-type=\"wp-page\" data-elementor-id=\"1521\" class=\"elementor elementor-1521 elementor-220\">\n\t\t\t\t<div class=\"elementor-element elementor-element-cc177e8 e-con-full e-flex wpr-particle-no wpr-jarallax-no wpr-parallax-no wpr-sticky-section-no e-con e-parent\" data-id=\"cc177e8\" data-element_type=\"container\" data-e-type=\"container\" data-settings=\"{&quot;background_background&quot;:&quot;classic&quot;}\">\n\t\t\t\t<div class=\"elementor-element elementor-element-3ae0b53 elementor-widget elementor-widget-heading\" data-id=\"3ae0b53\" data-element_type=\"widget\" data-e-type=\"widget\" data-widget_type=\"heading.default\">\n\t\t\t\t<div class=\"elementor-widget-container\">\n\t\t\t\t\t<h2 class=\"elementor-heading-title elementor-size-default\">Kontakt<\/h2>\t\t\t\t<\/div>\n\t\t\t\t<\/div>\n\t\t\t\t<\/div>\n\t\t<div class=\"elementor-element elementor-element-a9e5545 e-flex e-con-boxed wpr-particle-no wpr-jarallax-no wpr-parallax-no wpr-sticky-section-no e-con e-parent\" data-id=\"a9e5545\" data-element_type=\"container\" data-e-type=\"container\">\n\t\t\t\t\t<div class=\"e-con-inner\">\n\t\t<div class=\"elementor-element elementor-element-c97c42f e-con-full e-flex wpr-particle-no wpr-jarallax-no wpr-parallax-no wpr-sticky-section-no e-con e-child\" data-id=\"c97c42f\" data-element_type=\"container\" data-e-type=\"container\">\n\t\t<div class=\"elementor-element elementor-element-fedfb96 e-con-full e-flex wpr-particle-no wpr-jarallax-no wpr-parallax-no wpr-sticky-section-no elementor-invisible e-con e-child\" data-id=\"fedfb96\" data-element_type=\"container\" data-e-type=\"container\" data-settings=\"{&quot;animation&quot;:&quot;slideInRight&quot;}\">\n\t\t\t\t<div class=\"elementor-element elementor-element-6eb5d01 elementor-widget elementor-widget-heading\" data-id=\"6eb5d01\" data-element_type=\"widget\" data-e-type=\"widget\" data-widget_type=\"heading.default\">\n\t\t\t\t<div class=\"elementor-widget-container\">\n\t\t\t\t\t<h2 class=\"elementor-heading-title elementor-size-default\">Kontaktieren Sie uns<\/h2>\t\t\t\t<\/div>\n\t\t\t\t<\/div>\n\t\t\t\t<div class=\"elementor-element elementor-element-6d8485f elementor-widget elementor-widget-text-editor\" data-id=\"6d8485f\" data-element_type=\"widget\" data-e-type=\"widget\" data-widget_type=\"text-editor.default\">\n\t\t\t\t<div class=\"elementor-widget-container\">\n\t\t\t\t\t\t\t\t\t<p class=\"\" data-start=\"214\" data-end=\"366\">Egal, ob Sie ein Hotel, ein Spa, ein Schwimmbad, einen Strand einrichten oder ein einzigartiges St\u00fcck f\u00fcr Ihr Zuhause w\u00fcnschen \u2013 wir sind hier, um zuzuh\u00f6ren, vorzuschlagen und h\u00f6chste Qualit\u00e4t zu liefern.<\/p>\t\t\t\t\t\t\t\t<\/div>\n\t\t\t\t<\/div>\n\t\t\t\t<div class=\"elementor-element elementor-element-396be88 elementor-view-stacked elementor-position-inline-start elementor-shape-circle elementor-mobile-position-block-start elementor-widget elementor-widget-icon-box\" data-id=\"396be88\" data-element_type=\"widget\" data-e-type=\"widget\" data-widget_type=\"icon-box.default\">\n\t\t\t\t<div class=\"elementor-widget-container\">\n\t\t\t\t\t\t\t<div class=\"elementor-icon-box-wrapper\">\n\n\t\t\t\t\t\t<div class=\"elementor-icon-box-icon\">\n\t\t\t\t<a href=\"tel:+38163547248\" class=\"elementor-icon\" tabindex=\"-1\" aria-label=\"Telefonnummer\">\n\t\t\t\t<svg aria-hidden=\"true\" class=\"e-font-icon-svg e-fas-phone-alt\" viewBox=\"0 0 512 512\" xmlns=\"http:\/\/www.w3.org\/2000\/svg\"><path d=\"M497.39 361.8l-112-48a24 24 0 0 0-28 6.9l-49.6 60.6A370.66 370.66 0 0 1 130.6 204.11l60.6-49.6a23.94 23.94 0 0 0 6.9-28l-48-112A24.16 24.16 0 0 0 122.6.61l-104 24A24 24 0 0 0 0 48c0 256.5 207.9 464 464 464a24 24 0 0 0 23.4-18.6l24-104a24.29 24.29 0 0 0-14.01-27.6z\"><\/path><\/svg>\t\t\t\t<\/a>\n\t\t\t<\/div>\n\t\t\t\n\t\t\t\t\t\t<div class=\"elementor-icon-box-content\">\n\n\t\t\t\t\t\t\t\t\t<h3 class=\"elementor-icon-box-title\">\n\t\t\t\t\t\t<a href=\"tel:+38163547248\" >\n\t\t\t\t\t\t\tTelefonnummer\t\t\t\t\t\t<\/a>\n\t\t\t\t\t<\/h3>\n\t\t\t\t\n\t\t\t\t\t\t\t\t\t<p class=\"elementor-icon-box-description\">\n\t\t\t\t\t\t+38163547248\n\t\t\t\t\t<\/p>\n\t\t\t\t\n\t\t\t<\/div>\n\t\t\t\n\t\t<\/div>\n\t\t\t\t\t\t<\/div>\n\t\t\t\t<\/div>\n\t\t\t\t<div class=\"elementor-element elementor-element-f7bfecd elementor-view-stacked elementor-position-inline-start elementor-shape-circle elementor-mobile-position-block-start elementor-widget elementor-widget-icon-box\" data-id=\"f7bfecd\" data-element_type=\"widget\" data-e-type=\"widget\" data-widget_type=\"icon-box.default\">\n\t\t\t\t<div class=\"elementor-widget-container\">\n\t\t\t\t\t\t\t<div class=\"elementor-icon-box-wrapper\">\n\n\t\t\t\t\t\t<div class=\"elementor-icon-box-icon\">\n\t\t\t\t<span  class=\"elementor-icon\">\n\t\t\t\t<svg aria-hidden=\"true\" class=\"e-font-icon-svg e-fas-map-marker-alt\" viewBox=\"0 0 384 512\" xmlns=\"http:\/\/www.w3.org\/2000\/svg\"><path d=\"M172.268 501.67C26.97 291.031 0 269.413 0 192 0 85.961 85.961 0 192 0s192 85.961 192 192c0 77.413-26.97 99.031-172.268 309.67-9.535 13.774-29.93 13.773-39.464 0zM192 272c44.183 0 80-35.817 80-80s-35.817-80-80-80-80 35.817-80 80 35.817 80 80 80z\"><\/path><\/svg>\t\t\t\t<\/span>\n\t\t\t<\/div>\n\t\t\t\n\t\t\t\t\t\t<div class=\"elementor-icon-box-content\">\n\n\t\t\t\t\t\t\t\t\t<h3 class=\"elementor-icon-box-title\">\n\t\t\t\t\t\t<span  >\n\t\t\t\t\t\t\tAdresse\t\t\t\t\t\t<\/span>\n\t\t\t\t\t<\/h3>\n\t\t\t\t\n\t\t\t\t\t\t\t\t\t<p class=\"elementor-icon-box-description\">\n\t\t\t\t\t\tKragujevac, Serbien\t\t\t\t\t<\/p>\n\t\t\t\t\n\t\t\t<\/div>\n\t\t\t\n\t\t<\/div>\n\t\t\t\t\t\t<\/div>\n\t\t\t\t<\/div>\n\t\t\t\t<div class=\"elementor-element elementor-element-f16c5dd elementor-view-stacked elementor-position-inline-start elementor-shape-circle elementor-mobile-position-block-start elementor-widget elementor-widget-icon-box\" data-id=\"f16c5dd\" data-element_type=\"widget\" data-e-type=\"widget\" data-widget_type=\"icon-box.default\">\n\t\t\t\t<div class=\"elementor-widget-container\">\n\t\t\t\t\t\t\t<div class=\"elementor-icon-box-wrapper\">\n\n\t\t\t\t\t\t<div class=\"elementor-icon-box-icon\">\n\t\t\t\t<span  class=\"elementor-icon\">\n\t\t\t\t<svg aria-hidden=\"true\" class=\"e-font-icon-svg e-fas-envelope\" viewBox=\"0 0 512 512\" xmlns=\"http:\/\/www.w3.org\/2000\/svg\"><path d=\"M502.3 190.8c3.9-3.1 9.7-.2 9.7 4.7V400c0 26.5-21.5 48-48 48H48c-26.5 0-48-21.5-48-48V195.6c0-5 5.7-7.8 9.7-4.7 22.4 17.4 52.1 39.5 154.1 113.6 21.1 15.4 56.7 47.8 92.2 47.6 35.7.3 72-32.8 92.3-47.6 102-74.1 131.6-96.3 154-113.7zM256 320c23.2.4 56.6-29.2 73.4-41.4 132.7-96.3 142.8-104.7 173.4-128.7 5.8-4.5 9.2-11.5 9.2-18.9v-19c0-26.5-21.5-48-48-48H48C21.5 64 0 85.5 0 112v19c0 7.4 3.4 14.3 9.2 18.9 30.6 23.9 40.7 32.4 173.4 128.7 16.8 12.2 50.2 41.8 73.4 41.4z\"><\/path><\/svg>\t\t\t\t<\/span>\n\t\t\t<\/div>\n\t\t\t\n\t\t\t\t\t\t<div class=\"elementor-icon-box-content\">\n\n\t\t\t\t\t\t\t\t\t<h3 class=\"elementor-icon-box-title\">\n\t\t\t\t\t\t<span  >\n\t\t\t\t\t\t\tE-Mail-Adresse\t\t\t\t\t\t<\/span>\n\t\t\t\t\t<\/h3>\n\t\t\t\t\n\t\t\t\t\t\t\t\t\t<p class=\"elementor-icon-box-description\">\n\t\t\t\t\t\tinfo@xordesign.com\t\t\t\t\t<\/p>\n\t\t\t\t\n\t\t\t<\/div>\n\t\t\t\n\t\t<\/div>\n\t\t\t\t\t\t<\/div>\n\t\t\t\t<\/div>\n\t\t\t\t<\/div>\n\t\t\t\t<\/div>\n\t\t<div class=\"elementor-element elementor-element-b4583d1 e-con-full e-flex wpr-particle-no wpr-jarallax-no wpr-parallax-no wpr-sticky-section-no e-con e-child\" data-id=\"b4583d1\" data-element_type=\"container\" data-e-type=\"container\">\n\t\t\t\t<div class=\"elementor-element elementor-element-ab5ba0e wpr-step-type-number_text wpr-step-content-layout-vertical wpr-custom-styles-yes elementor-widget elementor-widget-wpr-form-builder\" data-id=\"ab5ba0e\" data-element_type=\"widget\" data-e-type=\"widget\" data-settings=\"{&quot;success_message&quot;:&quot;Einreichung erfolgreich&quot;,&quot;error_message&quot;:&quot;Bitte bearbeiten Sie dieses Formular und richten Sie Ihre E-Mail ein&quot;,&quot;button_width&quot;:{&quot;unit&quot;:&quot;%&quot;,&quot;size&quot;:100,&quot;sizes&quot;:[]},&quot;button_width_laptop&quot;:{&quot;unit&quot;:&quot;px&quot;,&quot;size&quot;:&quot;&quot;,&quot;sizes&quot;:[]},&quot;button_width_tablet&quot;:{&quot;unit&quot;:&quot;px&quot;,&quot;size&quot;:&quot;&quot;,&quot;sizes&quot;:[]},&quot;button_width_mobile&quot;:{&quot;unit&quot;:&quot;px&quot;,&quot;size&quot;:&quot;&quot;,&quot;sizes&quot;:[]},&quot;step_type&quot;:&quot;number_text&quot;,&quot;step_content_layout&quot;:&quot;vertical&quot;}\" data-widget_type=\"wpr-form-builder.default\">\n\t\t\t\t<div class=\"elementor-widget-container\">\n\t\t\t\t\t\t\t<form class=\"wpr-form\" method=\"post\" name=\"Neues Formular\" page=\"Kontakt\" page_id=\"1521\" novalidate>\n\t\t\t<input type=\"hidden\" name=\"post_id\" value=\"1521\"\/>\n\t\t\t<input type=\"hidden\" name=\"form_id\" value=\"ab5ba0e\"\/>\n\t\t\t<input type=\"hidden\" name=\"referer_title\" value=\"Drveni name\u0161taj po va\u0161oj meri\" \/>\n\n\t\t\t<div class=\"wpr-step-wrap\"><\/div>\n\t\t\t<div class=\"wpr-form-fields-wrap wpr-labels-above\">\n\t\t\t\t\t\t\t\t\t<div class=\"wpr-form-field-type-text wpr-field-group wpr-column wpr-field-group-name elementor-repeater-item-e3ad2ae\">\n\t\t\t\t\t\t<input size=\"1 \"type=\"text\" name=\"form_fields[name]\" id=\"form-field-name\" class=\"wpr-form-field  wpr-form-field-textual\" placeholder=\"Name\">\t\t\t\t\t<\/div>\n\t\t\t\t\t\t\t\t\t<div class=\"wpr-form-field-type-email wpr-field-group wpr-column wpr-field-group-email elementor-repeater-item-4f2f6cb wpr-form-field-required\">\n\t\t\t\t\t\t<input size=\"1 \"type=\"email\" name=\"form_fields[email]\" id=\"form-field-email\" class=\"wpr-form-field  wpr-form-field-textual\" placeholder=\"E-Mail\" required=\"required\" aria-required=\"true\">\t\t\t\t\t<\/div>\n\t\t\t\t\t\t\t\t\t<div class=\"wpr-form-field-type-textarea wpr-field-group wpr-column wpr-field-group-message elementor-repeater-item-42d9f1d\">\n\t\t\t\t\t\t<textarea class=\"wpr-form-field-textual wpr-form-field \" name=\"form_fields[message]\" id=\"form-field-message\" rows=\"7\" placeholder=\"Nachricht\"><\/textarea>\t\t\t\t\t<\/div>\n\t\t\t\t<div class=\"wpr-field-group wpr-stp-btns-wrap wpr-column wpr-form-field-type-submit\" data-actions=\"[&quot;email&quot;]\" data-redirect-url=\"\" data-mailchimp-fields=\"{&quot;email_field&quot;:&quot;&quot;,&quot;first_name_field&quot;:&quot;&quot;,&quot;last_name_field&quot;:&quot;&quot;,&quot;address_field&quot;:&quot;&quot;,&quot;phone_field&quot;:&quot;&quot;,&quot;birthday_field&quot;:&quot;&quot;,&quot;group_id&quot;:&quot;&quot;}\" data-list-id=\"\">\t\t\t<button type=\"submit\" class=\"wpr-button\">\n\t\t\t\t<span >\n\t\t\t\t\t\t\t\t\t\t\t\t\t\t\t\t<span>Senden<\/span>\n\t\t\t\t\t\t\t\t\t\t\t\t\t\t<\/span>\t\n\t\t\t\t<div class=\"wpr-double-bounce wpr-loader-hidden\">\n\t\t\t\t\t<div class=\"wpr-child wpr-double-bounce1\"><\/div>\n\t\t\t\t\t<div class=\"wpr-child wpr-double-bounce2\"><\/div>\n\t\t\t\t<\/div>\n\t\t\t<\/button>\n\t\t<\/div>\t\t\t\t\n\t\t\t<\/div>\n\t\t<\/form>\n\t  \t\t\t\t<\/div>\n\t\t\t\t<\/div>\n\t\t\t\t<\/div>\n\t\t\t\t\t<\/div>\n\t\t\t\t<\/div>\n\t\t\t\t<\/div>\n\t\t","protected":false},"excerpt":{"rendered":"<p>Kontakt Kontaktieren Sie uns Egal, ob Sie ein Hotel, ein Spa, ein Schwimmbad, einen Strand einrichten oder ein einzigartiges St\u00fcck f\u00fcr Ihr Zuhause w\u00fcnschen \u2013 wir sind hier, um zuzuh\u00f6ren, vorzuschlagen und h\u00f6chste Qualit\u00e4t zu liefern. Telefonnummer +38163547248 Adresse Kragujevac, Serbien E-Mail-Adresse info@xordesign.com Senden<\/p>\n","protected":false},"author":1,"featured_media":1345,"parent":0,"menu_order":0,"comment_status":"closed","ping_status":"closed","template":"elementor_canvas","meta":{"footnotes":""},"class_list":["post-1521","page","type-page","status-publish","has-post-thumbnail","hentry"],"yoast_head":"<!-- This site is optimized with the Yoast SEO plugin v27.2 - https:\/\/yoast.com\/product\/yoast-seo-wordpress\/ -->\n<title>Kontaktieren Sie uns \u2013 M\u00f6bel und Holzprodukte nach Ma\u00df<\/title>\n<meta name=\"description\" content=\"Haben Sie Fragen? Wenden Sie sich an XOR Design, um ma\u00dfgefertigte M\u00f6bel und Holzprodukte genau nach Ihren W\u00fcnschen herzustellen. Kontaktieren Sie uns noch heute!\" \/>\n<meta name=\"robots\" content=\"index, follow, max-snippet:-1, max-image-preview:large, max-video-preview:-1\" \/>\n<link rel=\"canonical\" href=\"https:\/\/xordesign.com\/de\/kontakt\/\" \/>\n<meta property=\"og:locale\" content=\"de_DE\" \/>\n<meta property=\"og:type\" content=\"article\" \/>\n<meta property=\"og:title\" content=\"Kontaktieren Sie uns \u2013 M\u00f6bel und Holzprodukte nach Ma\u00df\" \/>\n<meta property=\"og:description\" content=\"Haben Sie Fragen? Wenden Sie sich an XOR Design, um ma\u00dfgefertigte M\u00f6bel und Holzprodukte genau nach Ihren W\u00fcnschen herzustellen. Kontaktieren Sie uns noch heute!\" \/>\n<meta property=\"og:url\" content=\"https:\/\/xordesign.com\/de\/kontakt\/\" \/>\n<meta property=\"og:site_name\" content=\"Drveni name\u0161taj po va\u0161oj meri\" \/>\n<meta property=\"article:publisher\" content=\"https:\/\/www.facebook.com\/xordesign\" \/>\n<meta property=\"article:modified_time\" content=\"2025-06-06T08:19:32+00:00\" \/>\n<meta property=\"og:image\" content=\"https:\/\/xordesign.com\/wp-content\/uploads\/2025\/04\/2-3.jpg\" \/>\n\t<meta property=\"og:image:width\" content=\"1200\" \/>\n\t<meta property=\"og:image:height\" content=\"628\" \/>\n\t<meta property=\"og:image:type\" content=\"image\/jpeg\" \/>\n<meta name=\"twitter:card\" content=\"summary_large_image\" \/>\n<script type=\"application\/ld+json\" class=\"yoast-schema-graph\">{\"@context\":\"https:\/\/schema.org\",\"@graph\":[{\"@type\":\"WebPage\",\"@id\":\"https:\/\/xordesign.com\/de\/kontakt\/\",\"url\":\"https:\/\/xordesign.com\/de\/kontakt\/\",\"name\":\"Kontaktieren Sie uns \u2013 M\u00f6bel und Holzprodukte nach Ma\u00df\",\"isPartOf\":{\"@id\":\"https:\/\/xordesign.com\/de\/#website\"},\"primaryImageOfPage\":{\"@id\":\"https:\/\/xordesign.com\/de\/kontakt\/#primaryimage\"},\"image\":{\"@id\":\"https:\/\/xordesign.com\/de\/kontakt\/#primaryimage\"},\"thumbnailUrl\":\"https:\/\/xordesign.com\/wp-content\/uploads\/2025\/04\/2-3.jpg\",\"datePublished\":\"2024-05-20T06:54:57+00:00\",\"dateModified\":\"2025-06-06T08:19:32+00:00\",\"description\":\"Haben Sie Fragen? Wenden Sie sich an XOR Design, um ma\u00dfgefertigte M\u00f6bel und Holzprodukte genau nach Ihren W\u00fcnschen herzustellen. Kontaktieren Sie uns noch heute!\",\"breadcrumb\":{\"@id\":\"https:\/\/xordesign.com\/de\/kontakt\/#breadcrumb\"},\"inLanguage\":\"de\",\"potentialAction\":[{\"@type\":\"ReadAction\",\"target\":[\"https:\/\/xordesign.com\/de\/kontakt\/\"]}]},{\"@type\":\"ImageObject\",\"inLanguage\":\"de\",\"@id\":\"https:\/\/xordesign.com\/de\/kontakt\/#primaryimage\",\"url\":\"https:\/\/xordesign.com\/wp-content\/uploads\/2025\/04\/2-3.jpg\",\"contentUrl\":\"https:\/\/xordesign.com\/wp-content\/uploads\/2025\/04\/2-3.jpg\",\"width\":1200,\"height\":628},{\"@type\":\"BreadcrumbList\",\"@id\":\"https:\/\/xordesign.com\/de\/kontakt\/#breadcrumb\",\"itemListElement\":[{\"@type\":\"ListItem\",\"position\":1,\"name\":\"Home\",\"item\":\"https:\/\/xordesign.com\/de\/heim\/\"},{\"@type\":\"ListItem\",\"position\":2,\"name\":\"Kontakt\"}]},{\"@type\":\"WebSite\",\"@id\":\"https:\/\/xordesign.com\/de\/#website\",\"url\":\"https:\/\/xordesign.com\/de\/\",\"name\":\"Drveni name\u0161taj po va\u0161oj meri\",\"description\":\"Personalizovan drveni name\u0161taj i proizvodi\",\"publisher\":{\"@id\":\"https:\/\/xordesign.com\/de\/#organization\"},\"alternateName\":\"Wood&Craft\",\"potentialAction\":[{\"@type\":\"SearchAction\",\"target\":{\"@type\":\"EntryPoint\",\"urlTemplate\":\"https:\/\/xordesign.com\/de\/?s={search_term_string}\"},\"query-input\":{\"@type\":\"PropertyValueSpecification\",\"valueRequired\":true,\"valueName\":\"search_term_string\"}}],\"inLanguage\":\"de\"},{\"@type\":\"Organization\",\"@id\":\"https:\/\/xordesign.com\/de\/#organization\",\"name\":\"Xor Design\",\"url\":\"https:\/\/xordesign.com\/de\/\",\"logo\":{\"@type\":\"ImageObject\",\"inLanguage\":\"de\",\"@id\":\"https:\/\/xordesign.com\/de\/#\/schema\/logo\/image\/\",\"url\":\"https:\/\/xordesign.com\/wp-content\/uploads\/2024\/05\/Xor-logo-mobile-300-x-80-px-400-x-200-px.png\",\"contentUrl\":\"https:\/\/xordesign.com\/wp-content\/uploads\/2024\/05\/Xor-logo-mobile-300-x-80-px-400-x-200-px.png\",\"width\":400,\"height\":200,\"caption\":\"Xor Design\"},\"image\":{\"@id\":\"https:\/\/xordesign.com\/de\/#\/schema\/logo\/image\/\"},\"sameAs\":[\"https:\/\/www.facebook.com\/xordesign\",\"https:\/\/www.instagram.com\/xor_wood_design\/\"]}]}<\/script>\n<!-- \/ Yoast SEO plugin. -->","yoast_head_json":{"title":"Kontaktieren Sie uns \u2013 M\u00f6bel und Holzprodukte nach Ma\u00df","description":"Haben Sie Fragen? Wenden Sie sich an XOR Design, um ma\u00dfgefertigte M\u00f6bel und Holzprodukte genau nach Ihren W\u00fcnschen herzustellen. Kontaktieren Sie uns noch heute!","robots":{"index":"index","follow":"follow","max-snippet":"max-snippet:-1","max-image-preview":"max-image-preview:large","max-video-preview":"max-video-preview:-1"},"canonical":"https:\/\/xordesign.com\/de\/kontakt\/","og_locale":"de_DE","og_type":"article","og_title":"Kontaktieren Sie uns \u2013 M\u00f6bel und Holzprodukte nach Ma\u00df","og_description":"Haben Sie Fragen? Wenden Sie sich an XOR Design, um ma\u00dfgefertigte M\u00f6bel und Holzprodukte genau nach Ihren W\u00fcnschen herzustellen. Kontaktieren Sie uns noch heute!","og_url":"https:\/\/xordesign.com\/de\/kontakt\/","og_site_name":"Drveni name\u0161taj po va\u0161oj meri","article_publisher":"https:\/\/www.facebook.com\/xordesign","article_modified_time":"2025-06-06T08:19:32+00:00","og_image":[{"width":1200,"height":628,"url":"https:\/\/xordesign.com\/wp-content\/uploads\/2025\/04\/2-3.jpg","type":"image\/jpeg"}],"twitter_card":"summary_large_image","schema":{"@context":"https:\/\/schema.org","@graph":[{"@type":"WebPage","@id":"https:\/\/xordesign.com\/de\/kontakt\/","url":"https:\/\/xordesign.com\/de\/kontakt\/","name":"Kontaktieren Sie uns \u2013 M\u00f6bel und Holzprodukte nach Ma\u00df","isPartOf":{"@id":"https:\/\/xordesign.com\/de\/#website"},"primaryImageOfPage":{"@id":"https:\/\/xordesign.com\/de\/kontakt\/#primaryimage"},"image":{"@id":"https:\/\/xordesign.com\/de\/kontakt\/#primaryimage"},"thumbnailUrl":"https:\/\/xordesign.com\/wp-content\/uploads\/2025\/04\/2-3.jpg","datePublished":"2024-05-20T06:54:57+00:00","dateModified":"2025-06-06T08:19:32+00:00","description":"Haben Sie Fragen? Wenden Sie sich an XOR Design, um ma\u00dfgefertigte M\u00f6bel und Holzprodukte genau nach Ihren W\u00fcnschen herzustellen. Kontaktieren Sie uns noch heute!","breadcrumb":{"@id":"https:\/\/xordesign.com\/de\/kontakt\/#breadcrumb"},"inLanguage":"de","potentialAction":[{"@type":"ReadAction","target":["https:\/\/xordesign.com\/de\/kontakt\/"]}]},{"@type":"ImageObject","inLanguage":"de","@id":"https:\/\/xordesign.com\/de\/kontakt\/#primaryimage","url":"https:\/\/xordesign.com\/wp-content\/uploads\/2025\/04\/2-3.jpg","contentUrl":"https:\/\/xordesign.com\/wp-content\/uploads\/2025\/04\/2-3.jpg","width":1200,"height":628},{"@type":"BreadcrumbList","@id":"https:\/\/xordesign.com\/de\/kontakt\/#breadcrumb","itemListElement":[{"@type":"ListItem","position":1,"name":"Home","item":"https:\/\/xordesign.com\/de\/heim\/"},{"@type":"ListItem","position":2,"name":"Kontakt"}]},{"@type":"WebSite","@id":"https:\/\/xordesign.com\/de\/#website","url":"https:\/\/xordesign.com\/de\/","name":"Drveni name\u0161taj po va\u0161oj meri","description":"Personalizovan drveni name\u0161taj i proizvodi","publisher":{"@id":"https:\/\/xordesign.com\/de\/#organization"},"alternateName":"Wood&Craft","potentialAction":[{"@type":"SearchAction","target":{"@type":"EntryPoint","urlTemplate":"https:\/\/xordesign.com\/de\/?s={search_term_string}"},"query-input":{"@type":"PropertyValueSpecification","valueRequired":true,"valueName":"search_term_string"}}],"inLanguage":"de"},{"@type":"Organization","@id":"https:\/\/xordesign.com\/de\/#organization","name":"Xor Design","url":"https:\/\/xordesign.com\/de\/","logo":{"@type":"ImageObject","inLanguage":"de","@id":"https:\/\/xordesign.com\/de\/#\/schema\/logo\/image\/","url":"https:\/\/xordesign.com\/wp-content\/uploads\/2024\/05\/Xor-logo-mobile-300-x-80-px-400-x-200-px.png","contentUrl":"https:\/\/xordesign.com\/wp-content\/uploads\/2024\/05\/Xor-logo-mobile-300-x-80-px-400-x-200-px.png","width":400,"height":200,"caption":"Xor Design"},"image":{"@id":"https:\/\/xordesign.com\/de\/#\/schema\/logo\/image\/"},"sameAs":["https:\/\/www.facebook.com\/xordesign","https:\/\/www.instagram.com\/xor_wood_design\/"]}]}},"_links":{"self":[{"href":"https:\/\/xordesign.com\/de\/wp-json\/wp\/v2\/pages\/1521","targetHints":{"allow":["GET"]}}],"collection":[{"href":"https:\/\/xordesign.com\/de\/wp-json\/wp\/v2\/pages"}],"about":[{"href":"https:\/\/xordesign.com\/de\/wp-json\/wp\/v2\/types\/page"}],"author":[{"embeddable":true,"href":"https:\/\/xordesign.com\/de\/wp-json\/wp\/v2\/users\/1"}],"replies":[{"embeddable":true,"href":"https:\/\/xordesign.com\/de\/wp-json\/wp\/v2\/comments?post=1521"}],"version-history":[{"count":4,"href":"https:\/\/xordesign.com\/de\/wp-json\/wp\/v2\/pages\/1521\/revisions"}],"predecessor-version":[{"id":1920,"href":"https:\/\/xordesign.com\/de\/wp-json\/wp\/v2\/pages\/1521\/revisions\/1920"}],"wp:featuredmedia":[{"embeddable":true,"href":"https:\/\/xordesign.com\/de\/wp-json\/wp\/v2\/media\/1345"}],"wp:attachment":[{"href":"https:\/\/xordesign.com\/de\/wp-json\/wp\/v2\/media?parent=1521"}],"curies":[{"name":"wp","href":"https:\/\/api.w.org\/{rel}","templated":true}]}}