{"id":1497,"date":"2025-04-23T13:44:51","date_gmt":"2025-04-23T12:44:51","guid":{"rendered":"https:\/\/xordesign.com\/datenschutzrichtlinie\/"},"modified":"2025-06-02T09:11:58","modified_gmt":"2025-06-02T08:11:58","slug":"datenschutzrichtlinie","status":"publish","type":"page","link":"https:\/\/xordesign.com\/de\/datenschutzrichtlinie\/","title":{"rendered":"Datenschutzrichtlinie"},"content":{"rendered":"\n<p>\u041a\u0421\u041e\u0420 \u0414\u0435\u0441\u0438\u0433\u043d \u043f\u043e\u0448\u0442\u0443\u0458\u0435 \u0432\u0430\u0448\u0443 \u043f\u0440\u0438\u0432\u0430\u0442\u043d\u043e\u0441\u0442 \u0438 \u043e\u0431\u0430\u0432\u0435\u0437\u0443\u0458\u0435 \u0441\u0435 \u0434\u0430 \u0437\u0430\u0448\u0442\u0438\u0442\u0438 \u0441\u0432\u0435 \u043b\u0438\u0447\u043d\u0435 \u043f\u043e\u0434\u0430\u0442\u043a\u0435 \u043a\u043e\u0458\u0435 \u043d\u0430\u043c \u0434\u043e\u0441\u0442\u0430\u0432\u0459\u0430\u0442\u0435 \u043f\u0443\u0442\u0435\u043c \u0441\u0430\u0458\u0442\u0430. \u041e\u0432\u0430 \u043f\u043e\u043b\u0438\u0442\u0438\u043a\u0430 \u043f\u0440\u0438\u0432\u0430\u0442\u043d\u043e\u0441\u0442\u0438 \u043e\u0431\u0458\u0430\u0448\u045a\u0430\u0432\u0430 \u043a\u0430\u043a\u043e \u043f\u0440\u0438\u043a\u0443\u043f\u0459\u0430\u043c\u043e, \u043a\u043e\u0440\u0438\u0441\u0442\u0438\u043c\u043e \u0438 \u0448\u0442\u0438\u0442\u0438\u043c\u043e \u0432\u0430\u0448\u0435 \u0438\u043d\u0444\u043e\u0440\u043c\u0430\u0446\u0438\u0458\u0435. <\/p>\n\n<h3 class=\"wp-block-heading\">\u041a\u043e\u0458\u0435 \u043f\u043e\u0434\u0430\u0442\u043a\u0435 \u043f\u0440\u0438\u043a\u0443\u043f\u0459\u0430\u043c\u043e?<\/h3>\n\n<p>\u041c\u043e\u0436\u0435\u043c\u043e \u043f\u0440\u0438\u043a\u0443\u043f\u0459\u0430\u0442\u0438 \u0441\u043b\u0435\u0434\u0435\u045b\u0435 \u0432\u0440\u0441\u0442\u0435 \u043f\u043e\u0434\u0430\u0442\u0430\u043a\u0430:<\/p>\n\n<ul class=\"wp-block-list\">\n<li>\u0418\u043c\u0435 \u0438 \u043f\u0440\u0435\u0437\u0438\u043c\u0435<\/li>\n\n\n\n<li>\u0410\u0434\u0440\u0435\u0441\u0430 \u0435-\u043f\u043e\u0448\u0442\u0435<\/li>\n\n\n\n<li>\u0411\u0440\u043e\u0458 \u0442\u0435\u043b\u0435\u0444\u043e\u043d\u0430<\/li>\n\n\n\n<li>\u0410\u0434\u0440\u0435\u0441\u0430 (\u0430\u043a\u043e \u0458\u0435 \u0434\u043e\u0441\u0442\u0430\u0432\u0438\u0442\u0435)<\/li>\n\n\n\n<li>\u0418\u043d\u0444\u043e\u0440\u043c\u0430\u0446\u0438\u0458\u0435 \u043e \u043d\u0430\u0440\u0443\u045f\u0431\u0438\u043d\u0430\u043c\u0430 \u0438 \u0443\u043f\u0438\u0442\u0438\u043c\u0430<\/li>\n\n\n\n<li>\u0418\u041f \u0430\u0434\u0440\u0435\u0441\u0430 \u0438 \u043a\u043e\u043b\u0430\u0447\u0438\u045b\u0438 (\u043a\u043e\u043b\u0430\u0447\u0438\u045b\u0438) \u0440\u0430\u0434\u0438 \u0443\u043d\u0430\u043f\u0440\u0435\u0452\u0435\u045a\u0430 \u043a\u043e\u0440\u0438\u0441\u043d\u0438\u0447\u043a\u043e\u0433 \u0438\u0441\u043a\u0443\u0441\u0442\u0432\u0430<\/li>\n<\/ul>\n\n<h3 class=\"wp-block-heading\">\u041a\u0430\u043a\u043e \u043a\u043e\u0440\u0438\u0441\u0442\u0438\u043c\u043e \u0432\u0430\u0448\u0435 \u043f\u043e\u0434\u0430\u0442\u043a\u0435?<\/h3>\n\n<p>\u0412\u0430\u0448\u0435 \u043f\u043e\u0434\u0430\u0442\u043a\u0435 \u043a\u043e\u0440\u0438\u0441\u0442\u0438\u043c\u043e \u0443 \u0441\u043b\u0435\u0434\u0435\u045b\u0435 \u0441\u0432\u0440\u0445\u0435:<\/p>\n\n<ul class=\"wp-block-list\">\n<li>\u041e\u0434\u0433\u043e\u0432\u043e\u0440 \u043d\u0430 \u0432\u0430\u0448\u0435 \u0443\u043f\u0438\u0442\u0435 \u0438 \u0437\u0430\u0445\u0442\u0435\u0432\u0435<\/li>\n\n\n\n<li>\u041a\u0440\u0435\u0438\u0440\u0430\u045a\u0435 \u043f\u043e\u043d\u0443\u0434\u0435 \u0438 \u043a\u043e\u043c\u0443\u043d\u0438\u043a\u0430\u0446\u0438\u0458\u0430 \u0432\u0435\u0437\u0430\u043d\u0443 \u0437\u0430 \u043f\u0440\u043e\u0438\u0437\u0432\u043e\u0434\u0435 \u043f\u043e \u043c\u0435\u0440\u0438<\/li>\n\n\n\n<li>\u0423\u043d\u0430\u043f\u0440\u0435\u0452\u0435\u045a\u0435 \u043a\u0432\u0430\u043b\u0438\u0442\u0435\u0442\u0430 \u043d\u0430\u0448\u0438\u0445 \u0443\u0441\u043b\u0443\u0433\u0430 \u0438 \u043a\u043e\u0440\u0438\u0441\u043d\u0438\u0447\u043a\u043e\u0433 \u0438\u0441\u043a\u0443\u0441\u0442\u0432\u0430<\/li>\n\n\n\n<li>Senden wichtiger Informationen, Werbeaktionen oder Neuigkeiten (nur wenn Sie dies w\u00fcnschen)<\/li>\n<\/ul>\n\n<h3 class=\"wp-block-heading\">\u041a\u0430\u043a\u043e \u0447\u0443\u0432\u0430\u043c\u043e \u0432\u0430\u0448\u0435 \u043f\u043e\u0434\u0430\u0442\u043a\u0435?<\/h3>\n\n<p>\u0421\u0432\u0438 \u043f\u043e\u0434\u0430\u0446\u0438 \u043a\u043e\u0458\u0435 \u043f\u0440\u0438\u043a\u0443\u043f\u0459\u0430\u043c\u043e \u0447\u0443\u0432\u0430\u0458\u0443 \u0441\u0435 \u043d\u0430 \u0441\u0438\u0433\u0443\u0440\u0430\u043d \u043d\u0430\u0447\u0438\u043d \u0438 \u0434\u043e\u0441\u0442\u0443\u043f\u043d\u0438 \u0441\u0443 \u0438\u0441\u043a\u0459\u0443\u0447\u0438\u0432\u043e \u043b\u0438\u0446\u0438\u043c\u0430 \u0443\u043d\u0443\u0442\u0430\u0440 \u041a\u0421\u041e\u0420 \u0414\u0435\u0441\u0438\u0433\u043d \u0442\u0438\u043c\u0430 \u043a\u043e\u0458\u0438 \u0441\u0443 \u0437\u0430\u0434\u0443\u0436\u0435\u043d\u0438 \u0437\u0430 \u043e\u0431\u0440\u0430\u0434\u0443 \u043d\u0430\u0440\u0443\u045f\u0431\u0438\u043d\u0430 \u0438 \u043a\u043e\u0440\u0438\u0441\u043d\u0438\u0447\u043a\u0443 \u043f\u043e\u0434\u0440\u0448\u043a\u0443. \u041d\u0435 \u0434\u0435\u043b\u0438\u043c\u043e \u0432\u0430\u0448\u0435 \u0438\u043d\u0444\u043e\u0440\u043c\u0430\u0446\u0438\u0458\u0435 \u0441\u0430 \u0442\u0440\u0435\u045b\u0438\u043c \u0441\u0442\u0440\u0430\u043d\u0430\u043c\u0430, \u043e\u0441\u0438\u043c \u0430\u043a\u043e \u0442\u043e \u0437\u0430\u043a\u043e\u043d \u043d\u0435 \u0437\u0430\u0445\u0442\u0435\u0432\u0430. <\/p>\n\n<h3 class=\"wp-block-heading\">\u041a\u043e\u043b\u0430\u0447\u0438\u045b\u0438<\/h3>\n\n<p>\u041d\u0430\u0448 \u0441\u0430\u0458\u0442 \u043a\u043e\u0440\u0438\u0441\u0442\u0438 \u043a\u043e\u043b\u0430\u0447\u0438\u045b\u0435 \u0440\u0430\u0434\u0438 \u0430\u043d\u0430\u043b\u0438\u0437\u0435 \u043f\u043e\u0441\u0435\u0442\u0430 \u0438 \u043f\u043e\u0431\u043e\u0459\u0448\u0430\u045a\u0430 \u0444\u0443\u043d\u043a\u0446\u0438\u043e\u043d\u0430\u043b\u043d\u043e\u0441\u0442\u0438 \u0441\u0430\u0458\u0442\u0430. \u041a\u043e\u0440\u0438\u0448\u045b\u0435\u045a\u0435\u043c \u043d\u0430\u0448\u0435\u0433 \u0441\u0430\u0458\u0442\u0430 \u043f\u0440\u0438\u0441\u0442\u0430\u0458\u0435\u0442\u0435 \u043d\u0430 \u0443\u043f\u043e\u0442\u0440\u0435\u0431\u0443 \u043a\u043e\u043b\u0430\u0447\u0438\u045b\u0430. \u041c\u043e\u0436\u0435\u0442\u0435 \u0438\u0445 \u0438\u0441\u043a\u0459\u0443\u0447\u0438\u0442\u0438 \u0443 \u043f\u043e\u0434\u0435\u0448\u0430\u0432\u0430\u045a\u0438\u043c\u0430 \u0441\u0432\u043e\u0433 \u043f\u0440\u0435\u0442\u0440\u0430\u0436\u0438\u0432\u0430\u0447\u0430.  <\/p>\n\n<h3 class=\"wp-block-heading\">Ihre Rechte<\/h3>\n\n<p>\u0423 \u0441\u043a\u043b\u0430\u0434\u0443 \u0441\u0430 \u0432\u0430\u0436\u0435\u045b\u0438\u043c \u0437\u0430\u043a\u043e\u043d\u0438\u043c\u0430, \u0438\u043c\u0430\u0442\u0435 \u043f\u0440\u0430\u0432\u043e \u0434\u0430 \u0437\u0430\u0442\u0440\u0430\u0436\u0438\u0442\u0435 \u043f\u0440\u0438\u0441\u0442\u0443\u043f, \u0438\u0437\u043c\u0435\u043d\u0443 \u0438\u043b\u0438 \u0431\u0440\u0438\u0441\u0430\u045a\u0435 \u0441\u0432\u043e\u0458\u0438\u0445 \u043f\u043e\u0434\u0430\u0442\u0430\u043a\u0430 \u0443 \u0431\u0438\u043b\u043e \u043a\u043e\u043c \u0442\u0440\u0435\u043d\u0443\u0442\u043a\u0443. \u041c\u043e\u0436\u0435\u0442\u0435 \u043d\u0430\u0441 \u043a\u043e\u043d\u0442\u0430\u043a\u0442\u0438\u0440\u0430\u0442\u0438 \u043f\u0443\u0442\u0435\u043c \u0441\u0442\u0440\u0430\u043d\u0438\u0446\u0435:<br\/> \ud83d\udc49 <a class=\"\" href=\"https:\/\/xordesign.com\/de\/kontakt\/\">https:\/\/xordesign.com\/kontakt\/<\/a> <\/p>\n\n<h3 class=\"wp-block-heading\">Richtlinien\u00e4nderungen<\/h3>\n\n<p>\u041e\u0432\u0430 \u043f\u043e\u043b\u0438\u0442\u0438\u043a\u0430 \u043f\u0440\u0438\u0432\u0430\u0442\u043d\u043e\u0441\u0442\u0438 \u043c\u043e\u0436\u0435 \u0431\u0438\u0442\u0438 \u043f\u043e\u0432\u0440\u0435\u043c\u0435\u043d\u043e \u0430\u0436\u0443\u0440\u0438\u0440\u0430\u043d\u0430. \u0421\u0430\u0432\u0435\u0442\u0443\u0458\u0435\u043c\u043e \u0432\u0430\u0441 \u0434\u0430 \u0458\u0435 \u043f\u043e\u0432\u0440\u0435\u043c\u0435\u043d\u043e \u043f\u0440\u043e\u0447\u0438\u0442\u0430\u0442\u0435 \u043a\u0430\u043a\u043e \u0431\u0438\u0441\u0442\u0435 \u043e\u0441\u0442\u0430\u043b\u0438 \u0438\u043d\u0444\u043e\u0440\u043c\u0438\u0441\u0430\u043d\u0438. <\/p>\n","protected":false},"excerpt":{"rendered":"<p>\u041a\u0421\u041e\u0420 \u0414\u0435\u0441\u0438\u0433\u043d \u043f\u043e\u0448\u0442\u0443\u0458\u0435 \u0432\u0430\u0448\u0443 \u043f\u0440\u0438\u0432\u0430\u0442\u043d\u043e\u0441\u0442 \u0438 \u043e\u0431\u0430\u0432\u0435\u0437\u0443\u0458\u0435 \u0441\u0435 \u0434\u0430 \u0437\u0430\u0448\u0442\u0438\u0442\u0438 \u0441\u0432\u0435 \u043b\u0438\u0447\u043d\u0435 \u043f\u043e\u0434\u0430\u0442\u043a\u0435 \u043a\u043e\u0458\u0435 \u043d\u0430\u043c \u0434\u043e\u0441\u0442\u0430\u0432\u0459\u0430\u0442\u0435 \u043f\u0443\u0442\u0435\u043c \u0441\u0430\u0458\u0442\u0430. \u041e\u0432\u0430 \u043f\u043e\u043b\u0438\u0442\u0438\u043a\u0430 \u043f\u0440\u0438\u0432\u0430\u0442\u043d\u043e\u0441\u0442\u0438 \u043e\u0431\u0458\u0430\u0448\u045a\u0430\u0432\u0430 \u043a\u0430\u043a\u043e \u043f\u0440\u0438\u043a\u0443\u043f\u0459\u0430\u043c\u043e, \u043a\u043e\u0440\u0438\u0441\u0442\u0438\u043c\u043e \u0438 \u0448\u0442\u0438\u0442\u0438\u043c\u043e \u0432\u0430\u0448\u0435 \u0438\u043d\u0444\u043e\u0440\u043c\u0430\u0446\u0438\u0458\u0435. \u041a\u043e\u0458\u0435 \u043f\u043e\u0434\u0430\u0442\u043a\u0435 \u043f\u0440\u0438\u043a\u0443\u043f\u0459\u0430\u043c\u043e? \u041c\u043e\u0436\u0435\u043c\u043e \u043f\u0440\u0438\u043a\u0443\u043f\u0459\u0430\u0442\u0438 \u0441\u043b\u0435\u0434\u0435\u045b\u0435 \u0432\u0440\u0441\u0442\u0435 \u043f\u043e\u0434\u0430\u0442\u0430\u043a\u0430: \u041a\u0430\u043a\u043e \u043a\u043e\u0440\u0438\u0441\u0442\u0438\u043c\u043e \u0432\u0430\u0448\u0435 \u043f\u043e\u0434\u0430\u0442\u043a\u0435? \u0412\u0430\u0448\u0435 \u043f\u043e\u0434\u0430\u0442\u043a\u0435 \u043a\u043e\u0440\u0438\u0441\u0442\u0438\u043c\u043e \u0443 \u0441\u043b\u0435\u0434\u0435\u045b\u0435 \u0441\u0432\u0440\u0445\u0435: \u041a\u0430\u043a\u043e \u0447\u0443\u0432\u0430\u043c\u043e \u0432\u0430\u0448\u0435 \u043f\u043e\u0434\u0430\u0442\u043a\u0435? \u0421\u0432\u0438 \u043f\u043e\u0434\u0430\u0446\u0438 \u043a\u043e\u0458\u0435 \u043f\u0440\u0438\u043a\u0443\u043f\u0459\u0430\u043c\u043e \u0447\u0443\u0432\u0430\u0458\u0443 \u0441\u0435 \u043d\u0430 \u0441\u0438\u0433\u0443\u0440\u0430\u043d \u043d\u0430\u0447\u0438\u043d \u0438 \u0434\u043e\u0441\u0442\u0443\u043f\u043d\u0438 \u0441\u0443 \u0438\u0441\u043a\u0459\u0443\u0447\u0438\u0432\u043e \u043b\u0438\u0446\u0438\u043c\u0430 \u0443\u043d\u0443\u0442\u0430\u0440 \u041a\u0421\u041e\u0420 \u0414\u0435\u0441\u0438\u0433\u043d \u0442\u0438\u043c\u0430 \u043a\u043e\u0458\u0438 \u0441\u0443 \u0437\u0430\u0434\u0443\u0436\u0435\u043d\u0438 \u0437\u0430 \u043e\u0431\u0440\u0430\u0434\u0443 \u043d\u0430\u0440\u0443\u045f\u0431\u0438\u043d\u0430 \u0438 \u043a\u043e\u0440\u0438\u0441\u043d\u0438\u0447\u043a\u0443 \u043f\u043e\u0434\u0440\u0448\u043a\u0443. \u041d\u0435 \u0434\u0435\u043b\u0438\u043c\u043e \u0432\u0430\u0448\u0435 \u0438\u043d\u0444\u043e\u0440\u043c\u0430\u0446\u0438\u0458\u0435 \u0441\u0430 \u0442\u0440\u0435\u045b\u0438\u043c \u0441\u0442\u0440\u0430\u043d\u0430\u043c\u0430, \u043e\u0441\u0438\u043c \u0430\u043a\u043e \u0442\u043e \u0437\u0430\u043a\u043e\u043d \u043d\u0435 \u0437\u0430\u0445\u0442\u0435\u0432\u0430. \u041a\u043e\u043b\u0430\u0447\u0438\u045b\u0438 \u041d\u0430\u0448 \u0441\u0430\u0458\u0442 \u043a\u043e\u0440\u0438\u0441\u0442\u0438 \u043a\u043e\u043b\u0430\u0447\u0438\u045b\u0435 \u0440\u0430\u0434\u0438 \u0430\u043d\u0430\u043b\u0438\u0437\u0435 \u043f\u043e\u0441\u0435\u0442\u0430 \u0438 \u043f\u043e\u0431\u043e\u0459\u0448\u0430\u045a\u0430 \u0444\u0443\u043d\u043a\u0446\u0438\u043e\u043d\u0430\u043b\u043d\u043e\u0441\u0442\u0438 \u0441\u0430\u0458\u0442\u0430. \u041a\u043e\u0440\u0438\u0448\u045b\u0435\u045a\u0435\u043c \u043d\u0430\u0448\u0435\u0433 \u0441\u0430\u0458\u0442\u0430 \u043f\u0440\u0438\u0441\u0442\u0430\u0458\u0435\u0442\u0435 \u043d\u0430 \u0443\u043f\u043e\u0442\u0440\u0435\u0431\u0443 \u043a\u043e\u043b\u0430\u0447\u0438\u045b\u0430. \u041c\u043e\u0436\u0435\u0442\u0435 \u0438\u0445 \u0438\u0441\u043a\u0459\u0443\u0447\u0438\u0442\u0438 \u0443 \u043f\u043e\u0434\u0435\u0448\u0430\u0432\u0430\u045a\u0438\u043c\u0430 \u0441\u0432\u043e\u0433 \u043f\u0440\u0435\u0442\u0440\u0430\u0436\u0438\u0432\u0430\u0447\u0430. Ihre Rechte \u0423 \u0441\u043a\u043b\u0430\u0434\u0443 \u0441\u0430 \u0432\u0430\u0436\u0435\u045b\u0438\u043c \u0437\u0430\u043a\u043e\u043d\u0438\u043c\u0430, \u0438\u043c\u0430\u0442\u0435 \u043f\u0440\u0430\u0432\u043e \u0434\u0430 \u0437\u0430\u0442\u0440\u0430\u0436\u0438\u0442\u0435 \u043f\u0440\u0438\u0441\u0442\u0443\u043f, \u0438\u0437\u043c\u0435\u043d\u0443 \u0438\u043b\u0438 \u0431\u0440\u0438\u0441\u0430\u045a\u0435 \u0441\u0432\u043e\u0458\u0438\u0445 \u043f\u043e\u0434\u0430\u0442\u0430\u043a\u0430 \u0443 \u0431\u0438\u043b\u043e \u043a\u043e\u043c \u0442\u0440\u0435\u043d\u0443\u0442\u043a\u0443. \u041c\u043e\u0436\u0435\u0442\u0435 \u043d\u0430\u0441 \u043a\u043e\u043d\u0442\u0430\u043a\u0442\u0438\u0440\u0430\u0442\u0438 \u043f\u0443\u0442\u0435\u043c \u0441\u0442\u0440\u0430\u043d\u0438\u0446\u0435: \ud83d\udc49 https:\/\/xordesign.com\/kontakt\/ Richtlinien\u00e4nderungen \u041e\u0432\u0430 \u043f\u043e\u043b\u0438\u0442\u0438\u043a\u0430 \u043f\u0440\u0438\u0432\u0430\u0442\u043d\u043e\u0441\u0442\u0438 \u043c\u043e\u0436\u0435 \u0431\u0438\u0442\u0438 \u043f\u043e\u0432\u0440\u0435\u043c\u0435\u043d\u043e \u0430\u0436\u0443\u0440\u0438\u0440\u0430\u043d\u0430. \u0421\u0430\u0432\u0435\u0442\u0443\u0458\u0435\u043c\u043e \u0432\u0430\u0441 \u0434\u0430 \u0458\u0435 \u043f\u043e\u0432\u0440\u0435\u043c\u0435\u043d\u043e \u043f\u0440\u043e\u0447\u0438\u0442\u0430\u0442\u0435 \u043a\u0430\u043a\u043e \u0431\u0438\u0441\u0442\u0435 \u043e\u0441\u0442\u0430\u043b\u0438 \u0438\u043d\u0444\u043e\u0440\u043c\u0438\u0441\u0430\u043d\u0438.<\/p>\n","protected":false},"author":1,"featured_media":1345,"parent":0,"menu_order":0,"comment_status":"closed","ping_status":"closed","template":"","meta":{"footnotes":""},"class_list":["post-1497","page","type-page","status-publish","has-post-thumbnail","hentry"],"yoast_head":"<!-- This site is optimized with the Yoast SEO plugin v27.2 - https:\/\/yoast.com\/product\/yoast-seo-wordpress\/ -->\n<title>Datenschutzrichtlinie | XOR Design \u2013 Ma\u00dfgefertigte Holzm\u00f6bel und -produkte<\/title>\n<meta name=\"description\" content=\"Erfahren Sie, wie XOR Design Ihre pers\u00f6nlichen Daten sch\u00fctzt. Unsere Datenschutzrichtlinie erl\u00e4utert, wie wir Ihre Daten erfassen, speichern und verwenden.\" \/>\n<meta name=\"robots\" content=\"index, follow, max-snippet:-1, max-image-preview:large, max-video-preview:-1\" \/>\n<link rel=\"canonical\" href=\"https:\/\/xordesign.com\/de\/datenschutzrichtlinie\/\" \/>\n<meta property=\"og:locale\" content=\"de_DE\" \/>\n<meta property=\"og:type\" content=\"article\" \/>\n<meta property=\"og:title\" content=\"Datenschutzrichtlinie | XOR Design \u2013 Ma\u00dfgefertigte Holzm\u00f6bel und -produkte\" \/>\n<meta property=\"og:description\" content=\"Erfahren Sie, wie XOR Design Ihre pers\u00f6nlichen Daten sch\u00fctzt. Unsere Datenschutzrichtlinie erl\u00e4utert, wie wir Ihre Daten erfassen, speichern und verwenden.\" \/>\n<meta property=\"og:url\" content=\"https:\/\/xordesign.com\/de\/datenschutzrichtlinie\/\" \/>\n<meta property=\"og:site_name\" content=\"Drveni name\u0161taj po va\u0161oj meri\" \/>\n<meta property=\"article:publisher\" content=\"https:\/\/www.facebook.com\/xordesign\" \/>\n<meta property=\"article:modified_time\" content=\"2025-06-02T08:11:58+00:00\" \/>\n<meta property=\"og:image\" content=\"https:\/\/xordesign.com\/wp-content\/uploads\/2025\/04\/2-3.jpg\" \/>\n\t<meta property=\"og:image:width\" content=\"1200\" \/>\n\t<meta property=\"og:image:height\" content=\"628\" \/>\n\t<meta property=\"og:image:type\" content=\"image\/jpeg\" \/>\n<meta name=\"twitter:card\" content=\"summary_large_image\" \/>\n<script type=\"application\/ld+json\" class=\"yoast-schema-graph\">{\"@context\":\"https:\/\/schema.org\",\"@graph\":[{\"@type\":\"WebPage\",\"@id\":\"https:\/\/xordesign.com\/de\/datenschutzrichtlinie\/\",\"url\":\"https:\/\/xordesign.com\/de\/datenschutzrichtlinie\/\",\"name\":\"Datenschutzrichtlinie | XOR Design \u2013 Ma\u00dfgefertigte Holzm\u00f6bel und -produkte\",\"isPartOf\":{\"@id\":\"https:\/\/xordesign.com\/de\/#website\"},\"primaryImageOfPage\":{\"@id\":\"https:\/\/xordesign.com\/de\/datenschutzrichtlinie\/#primaryimage\"},\"image\":{\"@id\":\"https:\/\/xordesign.com\/de\/datenschutzrichtlinie\/#primaryimage\"},\"thumbnailUrl\":\"https:\/\/xordesign.com\/wp-content\/uploads\/2025\/04\/2-3.jpg\",\"datePublished\":\"2025-04-23T12:44:51+00:00\",\"dateModified\":\"2025-06-02T08:11:58+00:00\",\"description\":\"Erfahren Sie, wie XOR Design Ihre pers\u00f6nlichen Daten sch\u00fctzt. Unsere Datenschutzrichtlinie erl\u00e4utert, wie wir Ihre Daten erfassen, speichern und verwenden.\",\"breadcrumb\":{\"@id\":\"https:\/\/xordesign.com\/de\/datenschutzrichtlinie\/#breadcrumb\"},\"inLanguage\":\"de\",\"potentialAction\":[{\"@type\":\"ReadAction\",\"target\":[\"https:\/\/xordesign.com\/de\/datenschutzrichtlinie\/\"]}]},{\"@type\":\"ImageObject\",\"inLanguage\":\"de\",\"@id\":\"https:\/\/xordesign.com\/de\/datenschutzrichtlinie\/#primaryimage\",\"url\":\"https:\/\/xordesign.com\/wp-content\/uploads\/2025\/04\/2-3.jpg\",\"contentUrl\":\"https:\/\/xordesign.com\/wp-content\/uploads\/2025\/04\/2-3.jpg\",\"width\":1200,\"height\":628},{\"@type\":\"BreadcrumbList\",\"@id\":\"https:\/\/xordesign.com\/de\/datenschutzrichtlinie\/#breadcrumb\",\"itemListElement\":[{\"@type\":\"ListItem\",\"position\":1,\"name\":\"Home\",\"item\":\"https:\/\/xordesign.com\/de\/heim\/\"},{\"@type\":\"ListItem\",\"position\":2,\"name\":\"Datenschutzrichtlinie\"}]},{\"@type\":\"WebSite\",\"@id\":\"https:\/\/xordesign.com\/de\/#website\",\"url\":\"https:\/\/xordesign.com\/de\/\",\"name\":\"Drveni name\u0161taj po va\u0161oj meri\",\"description\":\"Personalizovan drveni name\u0161taj i proizvodi\",\"publisher\":{\"@id\":\"https:\/\/xordesign.com\/de\/#organization\"},\"alternateName\":\"Wood&Craft\",\"potentialAction\":[{\"@type\":\"SearchAction\",\"target\":{\"@type\":\"EntryPoint\",\"urlTemplate\":\"https:\/\/xordesign.com\/de\/?s={search_term_string}\"},\"query-input\":{\"@type\":\"PropertyValueSpecification\",\"valueRequired\":true,\"valueName\":\"search_term_string\"}}],\"inLanguage\":\"de\"},{\"@type\":\"Organization\",\"@id\":\"https:\/\/xordesign.com\/de\/#organization\",\"name\":\"Xor Design\",\"url\":\"https:\/\/xordesign.com\/de\/\",\"logo\":{\"@type\":\"ImageObject\",\"inLanguage\":\"de\",\"@id\":\"https:\/\/xordesign.com\/de\/#\/schema\/logo\/image\/\",\"url\":\"https:\/\/xordesign.com\/wp-content\/uploads\/2024\/05\/Xor-logo-mobile-300-x-80-px-400-x-200-px.png\",\"contentUrl\":\"https:\/\/xordesign.com\/wp-content\/uploads\/2024\/05\/Xor-logo-mobile-300-x-80-px-400-x-200-px.png\",\"width\":400,\"height\":200,\"caption\":\"Xor Design\"},\"image\":{\"@id\":\"https:\/\/xordesign.com\/de\/#\/schema\/logo\/image\/\"},\"sameAs\":[\"https:\/\/www.facebook.com\/xordesign\",\"https:\/\/www.instagram.com\/xor_wood_design\/\"]}]}<\/script>\n<!-- \/ Yoast SEO plugin. -->","yoast_head_json":{"title":"Datenschutzrichtlinie | XOR Design \u2013 Ma\u00dfgefertigte Holzm\u00f6bel und -produkte","description":"Erfahren Sie, wie XOR Design Ihre pers\u00f6nlichen Daten sch\u00fctzt. Unsere Datenschutzrichtlinie erl\u00e4utert, wie wir Ihre Daten erfassen, speichern und verwenden.","robots":{"index":"index","follow":"follow","max-snippet":"max-snippet:-1","max-image-preview":"max-image-preview:large","max-video-preview":"max-video-preview:-1"},"canonical":"https:\/\/xordesign.com\/de\/datenschutzrichtlinie\/","og_locale":"de_DE","og_type":"article","og_title":"Datenschutzrichtlinie | XOR Design \u2013 Ma\u00dfgefertigte Holzm\u00f6bel und -produkte","og_description":"Erfahren Sie, wie XOR Design Ihre pers\u00f6nlichen Daten sch\u00fctzt. Unsere Datenschutzrichtlinie erl\u00e4utert, wie wir Ihre Daten erfassen, speichern und verwenden.","og_url":"https:\/\/xordesign.com\/de\/datenschutzrichtlinie\/","og_site_name":"Drveni name\u0161taj po va\u0161oj meri","article_publisher":"https:\/\/www.facebook.com\/xordesign","article_modified_time":"2025-06-02T08:11:58+00:00","og_image":[{"width":1200,"height":628,"url":"https:\/\/xordesign.com\/wp-content\/uploads\/2025\/04\/2-3.jpg","type":"image\/jpeg"}],"twitter_card":"summary_large_image","schema":{"@context":"https:\/\/schema.org","@graph":[{"@type":"WebPage","@id":"https:\/\/xordesign.com\/de\/datenschutzrichtlinie\/","url":"https:\/\/xordesign.com\/de\/datenschutzrichtlinie\/","name":"Datenschutzrichtlinie | XOR Design \u2013 Ma\u00dfgefertigte Holzm\u00f6bel und -produkte","isPartOf":{"@id":"https:\/\/xordesign.com\/de\/#website"},"primaryImageOfPage":{"@id":"https:\/\/xordesign.com\/de\/datenschutzrichtlinie\/#primaryimage"},"image":{"@id":"https:\/\/xordesign.com\/de\/datenschutzrichtlinie\/#primaryimage"},"thumbnailUrl":"https:\/\/xordesign.com\/wp-content\/uploads\/2025\/04\/2-3.jpg","datePublished":"2025-04-23T12:44:51+00:00","dateModified":"2025-06-02T08:11:58+00:00","description":"Erfahren Sie, wie XOR Design Ihre pers\u00f6nlichen Daten sch\u00fctzt. Unsere Datenschutzrichtlinie erl\u00e4utert, wie wir Ihre Daten erfassen, speichern und verwenden.","breadcrumb":{"@id":"https:\/\/xordesign.com\/de\/datenschutzrichtlinie\/#breadcrumb"},"inLanguage":"de","potentialAction":[{"@type":"ReadAction","target":["https:\/\/xordesign.com\/de\/datenschutzrichtlinie\/"]}]},{"@type":"ImageObject","inLanguage":"de","@id":"https:\/\/xordesign.com\/de\/datenschutzrichtlinie\/#primaryimage","url":"https:\/\/xordesign.com\/wp-content\/uploads\/2025\/04\/2-3.jpg","contentUrl":"https:\/\/xordesign.com\/wp-content\/uploads\/2025\/04\/2-3.jpg","width":1200,"height":628},{"@type":"BreadcrumbList","@id":"https:\/\/xordesign.com\/de\/datenschutzrichtlinie\/#breadcrumb","itemListElement":[{"@type":"ListItem","position":1,"name":"Home","item":"https:\/\/xordesign.com\/de\/heim\/"},{"@type":"ListItem","position":2,"name":"Datenschutzrichtlinie"}]},{"@type":"WebSite","@id":"https:\/\/xordesign.com\/de\/#website","url":"https:\/\/xordesign.com\/de\/","name":"Drveni name\u0161taj po va\u0161oj meri","description":"Personalizovan drveni name\u0161taj i proizvodi","publisher":{"@id":"https:\/\/xordesign.com\/de\/#organization"},"alternateName":"Wood&Craft","potentialAction":[{"@type":"SearchAction","target":{"@type":"EntryPoint","urlTemplate":"https:\/\/xordesign.com\/de\/?s={search_term_string}"},"query-input":{"@type":"PropertyValueSpecification","valueRequired":true,"valueName":"search_term_string"}}],"inLanguage":"de"},{"@type":"Organization","@id":"https:\/\/xordesign.com\/de\/#organization","name":"Xor Design","url":"https:\/\/xordesign.com\/de\/","logo":{"@type":"ImageObject","inLanguage":"de","@id":"https:\/\/xordesign.com\/de\/#\/schema\/logo\/image\/","url":"https:\/\/xordesign.com\/wp-content\/uploads\/2024\/05\/Xor-logo-mobile-300-x-80-px-400-x-200-px.png","contentUrl":"https:\/\/xordesign.com\/wp-content\/uploads\/2024\/05\/Xor-logo-mobile-300-x-80-px-400-x-200-px.png","width":400,"height":200,"caption":"Xor Design"},"image":{"@id":"https:\/\/xordesign.com\/de\/#\/schema\/logo\/image\/"},"sameAs":["https:\/\/www.facebook.com\/xordesign","https:\/\/www.instagram.com\/xor_wood_design\/"]}]}},"_links":{"self":[{"href":"https:\/\/xordesign.com\/de\/wp-json\/wp\/v2\/pages\/1497","targetHints":{"allow":["GET"]}}],"collection":[{"href":"https:\/\/xordesign.com\/de\/wp-json\/wp\/v2\/pages"}],"about":[{"href":"https:\/\/xordesign.com\/de\/wp-json\/wp\/v2\/types\/page"}],"author":[{"embeddable":true,"href":"https:\/\/xordesign.com\/de\/wp-json\/wp\/v2\/users\/1"}],"replies":[{"embeddable":true,"href":"https:\/\/xordesign.com\/de\/wp-json\/wp\/v2\/comments?post=1497"}],"version-history":[{"count":6,"href":"https:\/\/xordesign.com\/de\/wp-json\/wp\/v2\/pages\/1497\/revisions"}],"predecessor-version":[{"id":1815,"href":"https:\/\/xordesign.com\/de\/wp-json\/wp\/v2\/pages\/1497\/revisions\/1815"}],"wp:featuredmedia":[{"embeddable":true,"href":"https:\/\/xordesign.com\/de\/wp-json\/wp\/v2\/media\/1345"}],"wp:attachment":[{"href":"https:\/\/xordesign.com\/de\/wp-json\/wp\/v2\/media?parent=1497"}],"curies":[{"name":"wp","href":"https:\/\/api.w.org\/{rel}","templated":true}]}}